{"id":141,"date":"2020-02-12T18:10:52","date_gmt":"2020-02-12T18:10:52","guid":{"rendered":"https:\/\/tourbillon-magazine.com\/?page_id=141"},"modified":"2020-11-03T14:53:00","modified_gmt":"2020-11-03T13:53:00","slug":"about","status":"publish","type":"page","link":"https:\/\/tourbillon-magazine.com\/fr\/about\/","title":{"rendered":"\u00c0 propos de"},"content":{"rendered":"<div data-elementor-type=\"wp-page\" data-elementor-id=\"141\" class=\"elementor elementor-141\" data-elementor-post-type=\"page\">\n\t\t\t\t\t\t<section class=\"elementor-section elementor-top-section elementor-element elementor-element-e19cc64 elementor-section-boxed elementor-section-height-default elementor-section-height-default\" data-id=\"e19cc64\" data-element_type=\"section\">\n\t\t\t\t\t\t<div class=\"elementor-container elementor-column-gap-default\">\n\t\t\t\t\t<div class=\"elementor-column elementor-col-100 elementor-top-column elementor-element elementor-element-30df042\" data-id=\"30df042\" data-element_type=\"column\">\n\t\t\t<div class=\"elementor-widget-wrap elementor-element-populated\">\n\t\t\t\t\t\t<div class=\"elementor-element elementor-element-2e17bab elementor-widget elementor-widget-heading\" data-id=\"2e17bab\" data-element_type=\"widget\" data-widget_type=\"heading.default\">\n\t\t\t\t<div class=\"elementor-widget-container\">\n\t\t\t\t\t<h2 class=\"elementor-heading-title elementor-size-default\">TOURBILLON - Der Wirbelwind der Uhrenbranche<\/h2>\t\t\t\t<\/div>\n\t\t\t\t<\/div>\n\t\t\t\t<div class=\"elementor-element elementor-element-e71c00b elementor-widget elementor-widget-text-editor\" data-id=\"e71c00b\" data-element_type=\"widget\" data-widget_type=\"text-editor.default\">\n\t\t\t\t<div class=\"elementor-widget-container\">\n\t\t\t\t\t\t\t\t\t<p>TOURBILLON \u2013 Das Original Schweizer Uhrenmagazin, \u00abSwiss Made\u00bb, greift als erste und einzige Schweizer Publikumszeitschrift das verst\u00e4rkt erkennbare Interesse f\u00fcr Schweizer Luxusarmbanduhren auf, das vorallem den mechanischen Uhren im obersten Preissegment gilt:<\/p><p>den Tourbillon\u2019s, der K\u00f6nigsdisziplin der Schweizer Uhrmacherei, den Neuerscheinungen als auch bew\u00e4hrten Klassiker der letzten Jahre. Sowie Uhren mit Komplikationen. Hierzu z\u00e4hlen etwa Uhren mit Datums- und\/oder Wochentagsanzeige, Gangreserveanzeige oder zweiter Zeitzone. Zu den anspruchsvolleren, gro\u00dfen Komplikationen geh\u00f6ren unter anderem Weltzeituhren, Chronographen, Wecker, Uhren mit Schlagwerk, Ewige Kalender und Minuten-Repetition.<\/p>\t\t\t\t\t\t\t\t<\/div>\n\t\t\t\t<\/div>\n\t\t\t\t<div class=\"elementor-element elementor-element-a4d2f4e elementor-widget elementor-widget-image\" data-id=\"a4d2f4e\" data-element_type=\"widget\" data-widget_type=\"image.default\">\n\t\t\t\t<div class=\"elementor-widget-container\">\n\t\t\t\t\t\t\t\t\t\t\t\t<figure class=\"wp-caption\">\n\t\t\t\t\t\t\t\t\t\t<img fetchpriority=\"high\" decoding=\"async\" width=\"744\" height=\"1024\" src=\"https:\/\/tourbillon-magazine.com\/wp-content\/uploads\/2020\/02\/Tourbillon_1_Fr\u00fchjahr_2005_Jean-Daniel-Proellochs-744x1024.jpg\" class=\"attachment-large size-large wp-image-118\" alt=\"\" srcset=\"https:\/\/tourbillon-magazine.com\/wp-content\/uploads\/2020\/02\/Tourbillon_1_Fr\u00fchjahr_2005_Jean-Daniel-Proellochs-744x1024.jpg 744w, https:\/\/tourbillon-magazine.com\/wp-content\/uploads\/2020\/02\/Tourbillon_1_Fr\u00fchjahr_2005_Jean-Daniel-Proellochs-218x300.jpg 218w, https:\/\/tourbillon-magazine.com\/wp-content\/uploads\/2020\/02\/Tourbillon_1_Fr\u00fchjahr_2005_Jean-Daniel-Proellochs-768x1057.jpg 768w, https:\/\/tourbillon-magazine.com\/wp-content\/uploads\/2020\/02\/Tourbillon_1_Fr\u00fchjahr_2005_Jean-Daniel-Proellochs.jpg 945w\" sizes=\"(max-width: 744px) 100vw, 744px\" \/>\t\t\t\t\t\t\t\t\t\t\t<figcaption class=\"widget-image-caption wp-caption-text\">Damit begann das TOURBILLON Abenteuer: Der TOURBILLON Ausgabe Nr. 1, Fr\u00fchling 2005<\/figcaption>\n\t\t\t\t\t\t\t\t\t\t<\/figure>\n\t\t\t\t\t\t\t\t\t<\/div>\n\t\t\t\t<\/div>\n\t\t\t\t<div class=\"elementor-element elementor-element-211b938 elementor-widget elementor-widget-text-editor\" data-id=\"211b938\" data-element_type=\"widget\" data-widget_type=\"text-editor.default\">\n\t\t\t\t<div class=\"elementor-widget-container\">\n\t\t\t\t\t\t\t\t\t<p>Das viertelj\u00e4hrlich seit 2005 zwischenzeitlich in zwei Sprachen \u2013 Deutsch und Englisch &#8211; regelm\u00e4ssig erscheinende Magazin widmet sich mit Professionalit\u00e4t und Leidenschaft dem Thema LUXUS-UHR.\u00a0<strong>\u00abDie Armbanduhr ist wie im Leben komplement\u00e4rer Teil des Lifestyles\u00bb<\/strong>.\u00a0 Und:\u00a0<strong>\u00abDie Armbanduhr ist ein unverwechselbares Statement der Frau und des Mannes\u00bb <\/strong>, so die Maximen des Gr\u00fcnders Karl Heinz Nuber.\u00a0 Auch heute und zuk\u00fcnftig bleibt der Anspruch des TOURBILLON unver\u00e4ndert:\u00a0<span style=\"font-family: var( --e-global-typography-text-font-family ), Sans-serif;\">Informationen zu neuen Uhren und\u00a0<\/span><span style=\"font-family: var( --e-global-typography-text-font-family ), Sans-serif;\">Sammlermodellen sowie zu Uhren-Machern und -Liebhabern. Alles f\u00fcr den anspruchsvollen Leser mit der\u00a0<\/span><span style=\"font-family: var( --e-global-typography-text-font-family ), Sans-serif;\">Passion f\u00fcr hochwertige Zeitanzeiger. Dem Schweizer Ursprung und der Uhrenindustrie verpflichtet, aber ohne Abh\u00e4ngigkeiten, die die journalistische Qualit\u00e4t beeintr\u00e4chtigen.\u00a0<\/span><span style=\"font-family: var( --e-global-typography-text-font-family ), Sans-serif;\">Auch dem Wandel in der Medienwelt wird Rechnung getragen: Mit\u00a0<\/span><span style=\"font-family: var( --e-global-typography-text-font-family ), Sans-serif;\">dem Blog www.tick-talk.ch wird das viertelj\u00e4hrlich erscheinende Magazin erg\u00e4nzt durch die\u00a0<\/span><span style=\"font-family: var( --e-global-typography-text-font-family ), Sans-serif;\">Tagesaktualit\u00e4t zu Uhren und ihren Protagonisten.<\/span><\/p>\t\t\t\t\t\t\t\t<\/div>\n\t\t\t\t<\/div>\n\t\t\t\t<div class=\"elementor-element elementor-element-9f3e0ec elementor-widget elementor-widget-text-editor\" data-id=\"9f3e0ec\" data-element_type=\"widget\" data-widget_type=\"text-editor.default\">\n\t\t\t\t<div class=\"elementor-widget-container\">\n\t\t\t\t\t\t\t\t\t<p>Das TOURBILLON Magazin ist ein in allen Punkten spezielles Print-Medium. Handlich im Format, aussergew\u00f6hnlich im qualitativen Anspruch, unverwechselbar im redaktionellen Ansatz, konsequent unabh\u00e4ngig im Journalismus, kreativ im Magazin-Layout, ad\u00e4quat in der Leserschaft, einzigartig in der Distribution, kosteneffizient im Preis. Immer unserem Anspruch entsprechend, <b>&#8220;nur das Beste soll f\u00fcr unsere Leser und Inserenten gut genug sein&#8221;<\/b>.<\/p>\n<p>Das TOURBILLON Magazin hat sich zwischenzeitlich etabliert und ist selber zu einer wertvollen internationalen Luxusmarke geworden.<\/p>\n<p>Unterst\u00fctzt wird das TOURBILLON MAGAZIN vom <a style=\"background-color: #252525;\" href=\"http:\/\/www.tick-talk.ch\" target=\"_blank\" rel=\"noopener\">TOURBILLON BLOG<\/a>, indem tagesaktuelle Themen und Insider Informationen ver\u00f6ffentlicht werden sowie von TOURBILLON TV mit ausgestrahlten Schwerpunkt-Themen, anf\u00e4nglich \u00fcber den Youtube Chanel, sp\u00e4ter dann \u00fcber Broadcasting mit einem monatlichen Format.<\/p>\t\t\t\t\t\t\t\t<\/div>\n\t\t\t\t<\/div>\n\t\t\t\t<div class=\"elementor-element elementor-element-68bb237 elementor-widget elementor-widget-image\" data-id=\"68bb237\" data-element_type=\"widget\" data-widget_type=\"image.default\">\n\t\t\t\t<div class=\"elementor-widget-container\">\n\t\t\t\t\t\t\t\t\t\t\t\t<figure class=\"wp-caption\">\n\t\t\t\t\t\t\t\t\t\t<img decoding=\"async\" width=\"667\" height=\"1024\" src=\"https:\/\/tourbillon-magazine.com\/wp-content\/uploads\/2020\/02\/michel_jordi-2_be-667x1024.jpg\" class=\"attachment-large size-large wp-image-146\" alt=\"\" srcset=\"https:\/\/tourbillon-magazine.com\/wp-content\/uploads\/2020\/02\/michel_jordi-2_be-667x1024.jpg 667w, https:\/\/tourbillon-magazine.com\/wp-content\/uploads\/2020\/02\/michel_jordi-2_be-195x300.jpg 195w, https:\/\/tourbillon-magazine.com\/wp-content\/uploads\/2020\/02\/michel_jordi-2_be-768x1179.jpg 768w, https:\/\/tourbillon-magazine.com\/wp-content\/uploads\/2020\/02\/michel_jordi-2_be-1001x1536.jpg 1001w, https:\/\/tourbillon-magazine.com\/wp-content\/uploads\/2020\/02\/michel_jordi-2_be-1334x2048.jpg 1334w, https:\/\/tourbillon-magazine.com\/wp-content\/uploads\/2020\/02\/michel_jordi-2_be.jpg 1385w\" sizes=\"(max-width: 667px) 100vw, 667px\" \/>\t\t\t\t\t\t\t\t\t\t\t<figcaption class=\"widget-image-caption wp-caption-text\">Eigentlich war Michel Jordi f\u00fcr das Cover der TOURBILLON Ausgabe Nr. 1 vorgesehen<\/figcaption>\n\t\t\t\t\t\t\t\t\t\t<\/figure>\n\t\t\t\t\t\t\t\t\t<\/div>\n\t\t\t\t<\/div>\n\t\t\t\t<div class=\"elementor-element elementor-element-b780983 elementor-widget elementor-widget-text-editor\" data-id=\"b780983\" data-element_type=\"widget\" data-widget_type=\"text-editor.default\">\n\t\t\t\t<div class=\"elementor-widget-container\">\n\t\t\t\t\t\t\t\t\t<p>Zum Cover gibt es eine Geschichte: Eigentlich war Michel Jordi f\u00fcr das Cover der TOURBILLON Ausgabe geplant. Bei einer Pr\u00e4sention des TOURBILLON Magazin im Richemont Konzern sah man den Michel Jordi auf dem Cover der Ausgabe Nr. 1. Der verantwortliche Medieneink\u00e4ufer machte mir sofort ein unschlagbares Angebot.\u00a0&#8220;Claude-Daniel Proellochs passe besser auf das Cover&#8221;, suggerierte er mir glaubw\u00fcrdig. Man bezahle mir das Doppelte, wenn ich Proellochs covere. Meine Frage darauf &#8220;Und wenn nicht&#8221;? &#8220;Dann sind Sie aus der Richemont Gruppe draussen&#8221;, antwortete er mir.\u00a0 So tickte schon damals die Uhrenindustrie.<\/p>\t\t\t\t\t\t\t\t<\/div>\n\t\t\t\t<\/div>\n\t\t\t\t\t<\/div>\n\t\t<\/div>\n\t\t\t\t\t<\/div>\n\t\t<\/section>\n\t\t\t\t<\/div>","protected":false},"excerpt":{"rendered":"<p>TOURBILLON &#8211; Der Wirbelwind der Uhrenbranche TOURBILLON \u2013 Das Original Schweizer Uhrenmagazin, \u00abSwiss Made\u00bb, greift als erste und einzige Schweizer Publikumszeitschrift das verst\u00e4rkt erkennbare Interesse f\u00fcr Schweizer Luxusarmbanduhren auf, das vorallem den mechanischen Uhren im obersten Preissegment gilt: den Tourbillon\u2019s, der K\u00f6nigsdisziplin der Schweizer Uhrmacherei, den Neuerscheinungen als auch bew\u00e4hrten Klassiker der letzten Jahre. Sowie [&hellip;]<\/p>\n","protected":false},"author":1,"featured_media":0,"parent":0,"menu_order":0,"comment_status":"closed","ping_status":"closed","template":"","meta":{"footnotes":""},"class_list":["post-141","page","type-page","status-publish","hentry","wpbf-post"],"_links":{"self":[{"href":"https:\/\/tourbillon-magazine.com\/fr\/wp-json\/wp\/v2\/pages\/141","targetHints":{"allow":["GET"]}}],"collection":[{"href":"https:\/\/tourbillon-magazine.com\/fr\/wp-json\/wp\/v2\/pages"}],"about":[{"href":"https:\/\/tourbillon-magazine.com\/fr\/wp-json\/wp\/v2\/types\/page"}],"author":[{"embeddable":true,"href":"https:\/\/tourbillon-magazine.com\/fr\/wp-json\/wp\/v2\/users\/1"}],"replies":[{"embeddable":true,"href":"https:\/\/tourbillon-magazine.com\/fr\/wp-json\/wp\/v2\/comments?post=141"}],"version-history":[{"count":5,"href":"https:\/\/tourbillon-magazine.com\/fr\/wp-json\/wp\/v2\/pages\/141\/revisions"}],"predecessor-version":[{"id":1034,"href":"https:\/\/tourbillon-magazine.com\/fr\/wp-json\/wp\/v2\/pages\/141\/revisions\/1034"}],"wp:attachment":[{"href":"https:\/\/tourbillon-magazine.com\/fr\/wp-json\/wp\/v2\/media?parent=141"}],"curies":[{"name":"wp","href":"https:\/\/api.w.org\/{rel}","templated":true}]}}