{"id":942,"date":"2020-02-24T10:11:44","date_gmt":"2020-02-24T09:11:44","guid":{"rendered":"https:\/\/tourbillon-magazine.com\/?page_id=942"},"modified":"2026-02-12T21:15:02","modified_gmt":"2026-02-12T20:15:02","slug":"home-2","status":"publish","type":"page","link":"https:\/\/tourbillon-magazine.com\/fr\/","title":{"rendered":"Accueil"},"content":{"rendered":"<div data-elementor-type=\"wp-page\" data-elementor-id=\"942\" class=\"elementor elementor-942\" data-elementor-post-type=\"page\">\n\t\t\t\t\t\t<section class=\"elementor-section elementor-top-section elementor-element elementor-element-728e3e4 elementor-section-boxed elementor-section-height-default elementor-section-height-default\" data-id=\"728e3e4\" data-element_type=\"section\">\n\t\t\t\t\t\t<div class=\"elementor-container elementor-column-gap-default\">\n\t\t\t\t\t<div class=\"elementor-column elementor-col-100 elementor-top-column elementor-element elementor-element-f0f9cac\" data-id=\"f0f9cac\" data-element_type=\"column\">\n\t\t\t<div class=\"elementor-widget-wrap elementor-element-populated\">\n\t\t\t\t\t\t<div class=\"elementor-element elementor-element-a1d6c80 elementor--h-position-center elementor--v-position-middle elementor-arrows-position-inside elementor-widget elementor-widget-slides\" data-id=\"a1d6c80\" data-element_type=\"widget\" data-settings=\"{&quot;navigation&quot;:&quot;arrows&quot;,&quot;transition&quot;:&quot;fade&quot;,&quot;autoplay&quot;:&quot;yes&quot;,&quot;pause_on_hover&quot;:&quot;yes&quot;,&quot;pause_on_interaction&quot;:&quot;yes&quot;,&quot;autoplay_speed&quot;:5000,&quot;infinite&quot;:&quot;yes&quot;,&quot;transition_speed&quot;:500}\" data-widget_type=\"slides.default\">\n\t\t\t\t<div class=\"elementor-widget-container\">\n\t\t\t\t\t\t\t\t\t<div class=\"elementor-swiper\">\n\t\t\t\t\t<div class=\"elementor-slides-wrapper elementor-main-swiper swiper\" role=\"region\" aria-roledescription=\"carousel\" aria-label=\"Slider\" dir=\"ltr\" data-animation=\"fadeInUp\">\n\t\t\t\t<div class=\"swiper-wrapper elementor-slides\">\n\t\t\t\t\t\t\t\t\t\t<div class=\"elementor-repeater-item-972d488 swiper-slide\" role=\"group\" aria-roledescription=\"slide\"><div class=\"swiper-slide-bg elementor-ken-burns elementor-ken-burns--in\" role=\"img\"><\/div><div class=\"elementor-background-overlay\"><\/div><div class=\"swiper-slide-inner\" ><div class=\"swiper-slide-contents\"><div class=\"elementor-slide-heading\">Bienvenue dans le magazine Tourbillon<\/div><div class=\"elementor-slide-description\">Le magazine suisse de l'horlogerie<\/div><\/div><\/div><\/div><div class=\"elementor-repeater-item-fbe6b07 swiper-slide\" role=\"group\" aria-roledescription=\"slide\"><div class=\"swiper-slide-bg elementor-ken-burns elementor-ken-burns--in\" role=\"img\"><\/div><div class=\"elementor-background-overlay\"><\/div><a class=\"swiper-slide-inner\" href=\"https:\/\/tourbillon-magazine.com\/fr\/bibliotheque\/?lang=en\"><div class=\"swiper-slide-contents\"><div class=\"elementor-slide-heading\">Magazine #60 Summer2019\/2020<\/div><div class=\"elementor-slide-description\">Sauvegarder maintenant DIGITAL<\/div><div  class=\"elementor-button elementor-slide-button elementor-size-sm\">Acheter maintenant<\/div><\/div><\/a><\/div><div class=\"elementor-repeater-item-28a671f swiper-slide\" role=\"group\" aria-roledescription=\"slide\"><div class=\"swiper-slide-bg\" role=\"img\"><\/div><a class=\"swiper-slide-inner\" href=\"https:\/\/tourbillon-magazine.com\/fr\/subscription\/\"><div class=\"swiper-slide-contents\"><div class=\"elementor-slide-heading\">Transformation num\u00e9rique<\/div><div class=\"elementor-slide-description\">De l'objet imprim\u00e9 \u00e0 la plate-forme num\u00e9rique de tourbillon Tick-Talk.ch<\/div><div  class=\"elementor-button elementor-slide-button elementor-size-sm\">Acheter maintenant<\/div><\/div><\/a><\/div><div class=\"elementor-repeater-item-c64303b swiper-slide\" role=\"group\" aria-roledescription=\"slide\"><div class=\"swiper-slide-bg\" role=\"img\"><\/div><a class=\"swiper-slide-inner\" href=\"https:\/\/tick-talk.ch\/pass-uebersicht\/\" target=\"_blank\"><div class=\"swiper-slide-contents\"><div class=\"elementor-slide-heading\">100 % SWISS MADE<\/div><div class=\"elementor-slide-description\">De l'objet imprim\u00e9 \u00e0 la plate-forme num\u00e9rique de tourbillon Tick-Talk.ch<\/div><div  class=\"elementor-button elementor-slide-button elementor-size-sm\">Acheter maintenant<\/div><\/div><\/a><\/div>\t\t\t\t<\/div>\n\t\t\t\t\t\t\t\t\t\t\t\t\t\t\t<div class=\"elementor-swiper-button elementor-swiper-button-prev\" role=\"button\" tabindex=\"0\" aria-label=\"Slide pr\u00e9c\u00e9dent\">\n\t\t\t\t\t\t\t<i aria-hidden=\"true\" class=\"eicon-chevron-left\"><\/i>\t\t\t\t\t\t<\/div>\n\t\t\t\t\t\t<div class=\"elementor-swiper-button elementor-swiper-button-next\" role=\"button\" tabindex=\"0\" aria-label=\"Slide suivant\">\n\t\t\t\t\t\t\t<i aria-hidden=\"true\" class=\"eicon-chevron-right\"><\/i>\t\t\t\t\t\t<\/div>\n\t\t\t\t\t\t\t\t\t\t\t\t\t\t\t\t\t<\/div>\n\t\t\t\t<\/div>\n\t\t\t\t\t\t\t\t<\/div>\n\t\t\t\t<\/div>\n\t\t\t\t\t<\/div>\n\t\t<\/div>\n\t\t\t\t\t<\/div>\n\t\t<\/section>\n\t\t\t\t<section class=\"elementor-section elementor-top-section elementor-element elementor-element-8ee6769 elementor-section-boxed elementor-section-height-default elementor-section-height-default\" data-id=\"8ee6769\" data-element_type=\"section\">\n\t\t\t\t\t\t<div class=\"elementor-container elementor-column-gap-default\">\n\t\t\t\t\t<div class=\"elementor-column elementor-col-100 elementor-top-column elementor-element elementor-element-0fef9dc\" data-id=\"0fef9dc\" data-element_type=\"column\">\n\t\t\t<div class=\"elementor-widget-wrap elementor-element-populated\">\n\t\t\t\t\t\t<div class=\"elementor-element elementor-element-aa0c4d0 elementor-widget elementor-widget-heading\" data-id=\"aa0c4d0\" data-element_type=\"widget\" data-widget_type=\"heading.default\">\n\t\t\t\t<div class=\"elementor-widget-container\">\n\t\t\t\t\t<h2 class=\"elementor-heading-title elementor-size-default\">\u00c0 propos du magazine<\/h2>\t\t\t\t<\/div>\n\t\t\t\t<\/div>\n\t\t\t\t<div class=\"elementor-element elementor-element-dcf3087 elementor-widget elementor-widget-text-editor\" data-id=\"dcf3087\" data-element_type=\"widget\" data-widget_type=\"text-editor.default\">\n\t\t\t\t<div class=\"elementor-widget-container\">\n\t\t\t\t\t\t\t\t\t<p>Quelles sont vos attentes vis-\u00e0-vis des cr\u00e9ateurs du magazine TOURBILLON ?<\/p><p>Deux choses : une stricte OBJECTIVIT\u00c9 dans le journalisme et une FORCE D'ACHAT retentissante dans le lectorat !<\/p><p>Qu'est-ce que cela signifie concr\u00e8tement : en tant que lecteur ou consommateur, vous \u00eates en droit d'attendre d'un magazine horloger un journalisme professionnel et surtout ind\u00e9pendant, et non un journalisme \u00abhourra\u00bb ou \u00abcopier-coller\u00bb comme certains concurrents le pratiquent avec succ\u00e8s depuis des d\u00e9cennies. Avec plus de 45 ans d'exp\u00e9rience, le fondateur du magazine TOURBILLON garantit un journalisme objectif. Mot par mot, ligne par ligne. Paragraphe par paragraphe. Page apr\u00e8s page. Et \u00abSwiss Made\u00bb - exactement comme pour les montres.<\/p><p>En tant qu'annonceur, vous pouvez vous attendre \u00e0 des lecteurs ou des consommateurs qui pourront acheter les produits dont le magazine fait la promotion. En tant que fondateur du magazine TOURBILLON, je me porte garant, avec mon nom et plus de 45 ans d'exp\u00e9rience, d'un lectorat de premier ordre - en g\u00e9n\u00e9ral des Ultra High Net Worth Individuals.<\/p><p>Avec le TOURBILLON MAGAZINE et toutes les autres plates-formes de communication, nous cr\u00e9ons une situation clairement \u00abgagnant-gagnant\u00bb entre les int\u00e9r\u00eats des lecteurs et ceux des annonceurs. Jugez-en par vous-m\u00eame avec un <a href=\"https:\/\/tourbillon-magazine.com\/fr\/bundle-deal\/\">Offre group\u00e9e<\/a> ou r\u00e9servez une <a href=\"https:\/\/tourbillon-magazine.com\/fr\/media\/?lang=en\">Annonce<\/a>, Les annonces sont la cl\u00e9 de l'ind\u00e9pendance - du journalisme objectif.<\/p>\t\t\t\t\t\t\t\t<\/div>\n\t\t\t\t<\/div>\n\t\t\t\t\t<\/div>\n\t\t<\/div>\n\t\t\t\t\t<\/div>\n\t\t<\/section>\n\t\t\t\t<section class=\"elementor-section elementor-top-section elementor-element elementor-element-6dba668 elementor-section-boxed elementor-section-height-default elementor-section-height-default\" data-id=\"6dba668\" data-element_type=\"section\">\n\t\t\t\t\t\t<div class=\"elementor-container elementor-column-gap-default\">\n\t\t\t\t\t<div class=\"elementor-column elementor-col-100 elementor-top-column elementor-element elementor-element-9f81e48\" data-id=\"9f81e48\" data-element_type=\"column\">\n\t\t\t<div class=\"elementor-widget-wrap elementor-element-populated\">\n\t\t\t\t\t\t<div class=\"elementor-element elementor-element-4c3410a elementor-widget elementor-widget-heading\" data-id=\"4c3410a\" data-element_type=\"widget\" data-widget_type=\"heading.default\">\n\t\t\t\t<div class=\"elementor-widget-container\">\n\t\t\t\t\t<h2 class=\"elementor-heading-title elementor-size-default\">Suivez-nous sur<\/h2>\t\t\t\t<\/div>\n\t\t\t\t<\/div>\n\t\t\t\t<div class=\"elementor-element elementor-element-6d6f10a elementor-shape-rounded elementor-grid-0 e-grid-align-center elementor-widget elementor-widget-social-icons\" data-id=\"6d6f10a\" data-element_type=\"widget\" data-widget_type=\"social-icons.default\">\n\t\t\t\t<div class=\"elementor-widget-container\">\n\t\t\t\t\t\t\t<div class=\"elementor-social-icons-wrapper elementor-grid\" role=\"list\">\n\t\t\t\t\t\t\t<span class=\"elementor-grid-item\" role=\"listitem\">\n\t\t\t\t\t<a class=\"elementor-icon elementor-social-icon elementor-social-icon-facebook elementor-repeater-item-8ee901a\" href=\"https:\/\/www.facebook.com\/tourbillonmag\/\" target=\"_blank\">\n\t\t\t\t\t\t<span class=\"elementor-screen-only\">Facebook<\/span>\n\t\t\t\t\t\t<i aria-hidden=\"true\" class=\"fab fa-facebook\"><\/i>\t\t\t\t\t<\/a>\n\t\t\t\t<\/span>\n\t\t\t\t\t\t\t<span class=\"elementor-grid-item\" role=\"listitem\">\n\t\t\t\t\t<a class=\"elementor-icon elementor-social-icon elementor-social-icon-youtube elementor-repeater-item-e9211ec\" href=\"https:\/\/www.youtube.com\/channel\/UC4Ou5zsihzM7iD-_-PTAGuw\" target=\"_blank\">\n\t\t\t\t\t\t<span class=\"elementor-screen-only\">Youtube<\/span>\n\t\t\t\t\t\t<i aria-hidden=\"true\" class=\"fab fa-youtube\"><\/i>\t\t\t\t\t<\/a>\n\t\t\t\t<\/span>\n\t\t\t\t\t<\/div>\n\t\t\t\t\t\t<\/div>\n\t\t\t\t<\/div>\n\t\t\t\t\t<\/div>\n\t\t<\/div>\n\t\t\t\t\t<\/div>\n\t\t<\/section>\n\t\t\t\t<\/div>","protected":false},"excerpt":{"rendered":"<p>Willkommen beim Tourbillon MagazinDas Schweizer UhrenmagazinMagazine #60 Summer2019\/2020Jetzt DIGITAL sichernJetzt kaufenDigitale TransformationVom Printobjekt zur digitalen Tourbillon-Plattform Tick-Talk.chJetzt kaufen100 % SWISS MADEVom Printobjekt zur digitalen Tourbillon-Plattform Tick-Talk.chJetzt kaufen \u00dcber das Magazin Welche Erwartungen haben Sie an die Macher des TOURBILLON-Magazins? Zwei Dinge: strikte OBJEKTIVIT\u00c4T im Journalismus und eine durchschlagende KAUFKRAFT in der Leserschaft! Was bedeutet das [&hellip;]<\/p>\n","protected":false},"author":1,"featured_media":0,"parent":0,"menu_order":0,"comment_status":"closed","ping_status":"closed","template":"","meta":{"footnotes":""},"class_list":["post-942","page","type-page","status-publish","hentry","wpbf-post"],"_links":{"self":[{"href":"https:\/\/tourbillon-magazine.com\/fr\/wp-json\/wp\/v2\/pages\/942","targetHints":{"allow":["GET"]}}],"collection":[{"href":"https:\/\/tourbillon-magazine.com\/fr\/wp-json\/wp\/v2\/pages"}],"about":[{"href":"https:\/\/tourbillon-magazine.com\/fr\/wp-json\/wp\/v2\/types\/page"}],"author":[{"embeddable":true,"href":"https:\/\/tourbillon-magazine.com\/fr\/wp-json\/wp\/v2\/users\/1"}],"replies":[{"embeddable":true,"href":"https:\/\/tourbillon-magazine.com\/fr\/wp-json\/wp\/v2\/comments?post=942"}],"version-history":[{"count":50,"href":"https:\/\/tourbillon-magazine.com\/fr\/wp-json\/wp\/v2\/pages\/942\/revisions"}],"predecessor-version":[{"id":1273,"href":"https:\/\/tourbillon-magazine.com\/fr\/wp-json\/wp\/v2\/pages\/942\/revisions\/1273"}],"wp:attachment":[{"href":"https:\/\/tourbillon-magazine.com\/fr\/wp-json\/wp\/v2\/media?parent=942"}],"curies":[{"name":"wp","href":"https:\/\/api.w.org\/{rel}","templated":true}]}}